{"id":49,"date":"2024-06-18T08:41:56","date_gmt":"2024-06-18T06:41:56","guid":{"rendered":"https:\/\/meetinginternationaldeforbach.fr\/WP3\/about-us\/"},"modified":"2025-05-16T20:16:50","modified_gmt":"2025-05-16T18:16:50","slug":"informations-meeting-forbach","status":"publish","type":"page","link":"https:\/\/meetinginternationaldeforbach.fr\/WP3\/informations-meeting-forbach\/","title":{"rendered":"informations pratiques"},"content":{"rendered":"\t\t<div data-elementor-type=\"wp-page\" data-elementor-id=\"49\" class=\"elementor elementor-49\" data-elementor-post-type=\"page\">\n\t\t\t\t<div class=\"elementor-element elementor-element-546ef0c8 e-flex e-con-boxed e-con e-parent\" data-id=\"546ef0c8\" data-element_type=\"container\" data-e-type=\"container\">\n\t\t\t\t\t<div class=\"e-con-inner\">\n\t\t\t\t<div class=\"elementor-element elementor-element-7779ef07 elementor-invisible elementor-widget elementor-widget-heading\" data-id=\"7779ef07\" data-element_type=\"widget\" data-e-type=\"widget\" data-settings=\"{&quot;_animation&quot;:&quot;fadeIn&quot;}\" data-widget_type=\"heading.default\">\n\t\t\t\t<div class=\"elementor-widget-container\">\n\t\t\t\t\t<h1 class=\"elementor-heading-title elementor-size-default\">Informations Pratiques<\/h1>\t\t\t\t<\/div>\n\t\t\t\t<\/div>\n\t\t\t\t\t<\/div>\n\t\t\t\t<\/div>\n\t\t<div class=\"elementor-element elementor-element-c7188b4 e-flex e-con-boxed e-con e-parent\" data-id=\"c7188b4\" data-element_type=\"container\" data-e-type=\"container\" data-settings=\"{&quot;background_background&quot;:&quot;classic&quot;}\">\n\t\t\t\t\t<div class=\"e-con-inner\">\n\t\t<div class=\"elementor-element elementor-element-0dbab0d e-con-full e-flex e-con e-child\" data-id=\"0dbab0d\" data-element_type=\"container\" data-e-type=\"container\">\n\t\t\t\t<div class=\"elementor-element elementor-element-056acad elementor-widget-tablet__width-initial elementor-widget-mobile__width-inherit elementor-widget__width-initial elementor-position-top elementor-widget elementor-widget-image-box\" data-id=\"056acad\" data-element_type=\"widget\" data-e-type=\"widget\" data-widget_type=\"image-box.default\">\n\t\t\t\t<div class=\"elementor-widget-container\">\n\t\t\t\t\t<div class=\"elementor-image-box-wrapper\"><figure class=\"elementor-image-box-img\"><a href=\"https:\/\/meetinginternationaldeforbach.fr\/WP3\/start-list-au-16-05-2025\/\" tabindex=\"-1\"><img fetchpriority=\"high\" decoding=\"async\" width=\"2560\" height=\"1707\" src=\"https:\/\/meetinginternationaldeforbach.fr\/WP3\/wp-content\/uploads\/2024\/06\/Meeting-Athletisme-de-Forbach-231A5432-scaled.jpeg\" class=\"elementor-animation-grow attachment-full size-full wp-image-249\" alt=\"\" srcset=\"https:\/\/meetinginternationaldeforbach.fr\/WP3\/wp-content\/uploads\/2024\/06\/Meeting-Athletisme-de-Forbach-231A5432-scaled.jpeg 2560w, https:\/\/meetinginternationaldeforbach.fr\/WP3\/wp-content\/uploads\/2024\/06\/Meeting-Athletisme-de-Forbach-231A5432-300x200.jpeg 300w, https:\/\/meetinginternationaldeforbach.fr\/WP3\/wp-content\/uploads\/2024\/06\/Meeting-Athletisme-de-Forbach-231A5432-1024x683.jpeg 1024w, https:\/\/meetinginternationaldeforbach.fr\/WP3\/wp-content\/uploads\/2024\/06\/Meeting-Athletisme-de-Forbach-231A5432-768x512.jpeg 768w, https:\/\/meetinginternationaldeforbach.fr\/WP3\/wp-content\/uploads\/2024\/06\/Meeting-Athletisme-de-Forbach-231A5432-1536x1024.jpeg 1536w, https:\/\/meetinginternationaldeforbach.fr\/WP3\/wp-content\/uploads\/2024\/06\/Meeting-Athletisme-de-Forbach-231A5432-2048x1365.jpeg 2048w\" sizes=\"(max-width: 2560px) 100vw, 2560px\" \/><\/a><\/figure><div class=\"elementor-image-box-content\"><h4 class=\"elementor-image-box-title\"><a href=\"https:\/\/meetinginternationaldeforbach.fr\/WP3\/start-list-au-16-05-2025\/\">Start List au 16\/05<\/a><\/h4><p class=\"elementor-image-box-description\">D\u00e9couvrez la start-list du Meeting 2025<\/p><\/div><\/div>\t\t\t\t<\/div>\n\t\t\t\t<\/div>\n\t\t\t\t<div class=\"elementor-element elementor-element-3d6e4a6 elementor-widget-tablet__width-initial elementor-widget-mobile__width-inherit elementor-widget__width-initial elementor-position-top elementor-widget elementor-widget-image-box\" data-id=\"3d6e4a6\" data-element_type=\"widget\" data-e-type=\"widget\" data-widget_type=\"image-box.default\">\n\t\t\t\t<div class=\"elementor-widget-container\">\n\t\t\t\t\t<div class=\"elementor-image-box-wrapper\"><figure class=\"elementor-image-box-img\"><img decoding=\"async\" width=\"2560\" height=\"1707\" src=\"https:\/\/meetinginternationaldeforbach.fr\/WP3\/wp-content\/uploads\/2024\/06\/Meeting-Athletisme-de-Forbach-232A0336-scaled.jpeg\" class=\"elementor-animation-grow attachment-full size-full wp-image-353\" alt=\"\" srcset=\"https:\/\/meetinginternationaldeforbach.fr\/WP3\/wp-content\/uploads\/2024\/06\/Meeting-Athletisme-de-Forbach-232A0336-scaled.jpeg 2560w, https:\/\/meetinginternationaldeforbach.fr\/WP3\/wp-content\/uploads\/2024\/06\/Meeting-Athletisme-de-Forbach-232A0336-300x200.jpeg 300w, https:\/\/meetinginternationaldeforbach.fr\/WP3\/wp-content\/uploads\/2024\/06\/Meeting-Athletisme-de-Forbach-232A0336-1024x683.jpeg 1024w, https:\/\/meetinginternationaldeforbach.fr\/WP3\/wp-content\/uploads\/2024\/06\/Meeting-Athletisme-de-Forbach-232A0336-768x512.jpeg 768w, https:\/\/meetinginternationaldeforbach.fr\/WP3\/wp-content\/uploads\/2024\/06\/Meeting-Athletisme-de-Forbach-232A0336-1536x1024.jpeg 1536w, https:\/\/meetinginternationaldeforbach.fr\/WP3\/wp-content\/uploads\/2024\/06\/Meeting-Athletisme-de-Forbach-232A0336-2048x1365.jpeg 2048w\" sizes=\"(max-width: 2560px) 100vw, 2560px\" \/><\/figure><div class=\"elementor-image-box-content\"><h4 class=\"elementor-image-box-title\">Programme<\/h4><p class=\"elementor-image-box-description\">D\u00e9couvrez le programme du Meeting 2025<\/p><\/div><\/div>\t\t\t\t<\/div>\n\t\t\t\t<\/div>\n\t\t\t\t<div class=\"elementor-element elementor-element-7e4a2e5 elementor-widget-tablet__width-initial elementor-widget-mobile__width-inherit elementor-widget__width-initial elementor-position-top elementor-widget elementor-widget-image-box\" data-id=\"7e4a2e5\" data-element_type=\"widget\" data-e-type=\"widget\" data-widget_type=\"image-box.default\">\n\t\t\t\t<div class=\"elementor-widget-container\">\n\t\t\t\t\t<div class=\"elementor-image-box-wrapper\"><figure class=\"elementor-image-box-img\"><a href=\"https:\/\/bases.athle.fr\/asp.net\/liste.aspx?frmbase=resultats&#038;frmmode=1&#038;frmespace=0&#038;frmcompetition=276144\" tabindex=\"-1\"><img decoding=\"async\" width=\"2607\" height=\"1707\" src=\"https:\/\/meetinginternationaldeforbach.fr\/WP3\/wp-content\/uploads\/2024\/07\/REsultat2.png\" class=\"elementor-animation-grow attachment-full size-full wp-image-618\" alt=\"\" srcset=\"https:\/\/meetinginternationaldeforbach.fr\/WP3\/wp-content\/uploads\/2024\/07\/REsultat2.png 2607w, https:\/\/meetinginternationaldeforbach.fr\/WP3\/wp-content\/uploads\/2024\/07\/REsultat2-300x196.png 300w, https:\/\/meetinginternationaldeforbach.fr\/WP3\/wp-content\/uploads\/2024\/07\/REsultat2-1024x670.png 1024w, https:\/\/meetinginternationaldeforbach.fr\/WP3\/wp-content\/uploads\/2024\/07\/REsultat2-768x503.png 768w, https:\/\/meetinginternationaldeforbach.fr\/WP3\/wp-content\/uploads\/2024\/07\/REsultat2-1536x1006.png 1536w, https:\/\/meetinginternationaldeforbach.fr\/WP3\/wp-content\/uploads\/2024\/07\/REsultat2-2048x1341.png 2048w\" sizes=\"(max-width: 2607px) 100vw, 2607px\" \/><\/a><\/figure><div class=\"elementor-image-box-content\"><h4 class=\"elementor-image-box-title\"><a href=\"https:\/\/bases.athle.fr\/asp.net\/liste.aspx?frmbase=resultats&#038;frmmode=1&#038;frmespace=0&#038;frmcompetition=276144\">R\u00e9sultat 2024<\/a><\/h4><p class=\"elementor-image-box-description\">R\u00e9sultats du Meeting 2024 <\/p><\/div><\/div>\t\t\t\t<\/div>\n\t\t\t\t<\/div>\n\t\t\t\t<\/div>\n\t\t<div class=\"elementor-element elementor-element-8a3d498 e-con-full e-flex e-con e-child\" data-id=\"8a3d498\" data-element_type=\"container\" data-e-type=\"container\">\n\t\t\t\t<div class=\"elementor-element elementor-element-53c7fde elementor-widget-tablet__width-initial elementor-widget-mobile__width-inherit elementor-widget__width-initial elementor-position-top elementor-widget elementor-widget-image-box\" data-id=\"53c7fde\" data-element_type=\"widget\" data-e-type=\"widget\" data-widget_type=\"image-box.default\">\n\t\t\t\t<div class=\"elementor-widget-container\">\n\t\t\t\t\t<div class=\"elementor-image-box-wrapper\"><figure class=\"elementor-image-box-img\"><a href=\"https:\/\/tally.so\/r\/wL0EMl\" tabindex=\"-1\"><img loading=\"lazy\" decoding=\"async\" width=\"1620\" height=\"1080\" src=\"https:\/\/meetinginternationaldeforbach.fr\/WP3\/wp-content\/uploads\/2024\/06\/26052024-_5260007-1.jpg\" class=\"elementor-animation-grow attachment-full size-full wp-image-425\" alt=\"\" srcset=\"https:\/\/meetinginternationaldeforbach.fr\/WP3\/wp-content\/uploads\/2024\/06\/26052024-_5260007-1.jpg 1620w, https:\/\/meetinginternationaldeforbach.fr\/WP3\/wp-content\/uploads\/2024\/06\/26052024-_5260007-1-300x200.jpg 300w, https:\/\/meetinginternationaldeforbach.fr\/WP3\/wp-content\/uploads\/2024\/06\/26052024-_5260007-1-1024x683.jpg 1024w, https:\/\/meetinginternationaldeforbach.fr\/WP3\/wp-content\/uploads\/2024\/06\/26052024-_5260007-1-768x512.jpg 768w, https:\/\/meetinginternationaldeforbach.fr\/WP3\/wp-content\/uploads\/2024\/06\/26052024-_5260007-1-1536x1024.jpg 1536w\" sizes=\"(max-width: 1620px) 100vw, 1620px\" \/><\/a><\/figure><div class=\"elementor-image-box-content\"><h4 class=\"elementor-image-box-title\"><a href=\"https:\/\/tally.so\/r\/wL0EMl\">Habilitation Presse<\/a><\/h4><p class=\"elementor-image-box-description\">Remplissez le formulaire d'accr\u00e9ditation presse en ligne.<\/p><\/div><\/div>\t\t\t\t<\/div>\n\t\t\t\t<\/div>\n\t\t\t\t<div class=\"elementor-element elementor-element-b1c514d elementor-widget-tablet__width-initial elementor-widget-mobile__width-inherit elementor-widget__width-initial elementor-position-top elementor-widget elementor-widget-image-box\" data-id=\"b1c514d\" data-element_type=\"widget\" data-e-type=\"widget\" data-widget_type=\"image-box.default\">\n\t\t\t\t<div class=\"elementor-widget-container\">\n\t\t\t\t\t<div class=\"elementor-image-box-wrapper\"><figure class=\"elementor-image-box-img\"><a href=\"https:\/\/tally.so\/r\/n0PbbB\" tabindex=\"-1\"><img loading=\"lazy\" decoding=\"async\" width=\"2560\" height=\"1707\" src=\"https:\/\/meetinginternationaldeforbach.fr\/WP3\/wp-content\/uploads\/2024\/07\/Meeting-Athletisme-de-Forbach-231A4189-scaled.jpeg\" class=\"elementor-animation-grow attachment-full size-full wp-image-617\" alt=\"\" srcset=\"https:\/\/meetinginternationaldeforbach.fr\/WP3\/wp-content\/uploads\/2024\/07\/Meeting-Athletisme-de-Forbach-231A4189-scaled.jpeg 2560w, https:\/\/meetinginternationaldeforbach.fr\/WP3\/wp-content\/uploads\/2024\/07\/Meeting-Athletisme-de-Forbach-231A4189-300x200.jpeg 300w, https:\/\/meetinginternationaldeforbach.fr\/WP3\/wp-content\/uploads\/2024\/07\/Meeting-Athletisme-de-Forbach-231A4189-1024x683.jpeg 1024w, https:\/\/meetinginternationaldeforbach.fr\/WP3\/wp-content\/uploads\/2024\/07\/Meeting-Athletisme-de-Forbach-231A4189-768x512.jpeg 768w, https:\/\/meetinginternationaldeforbach.fr\/WP3\/wp-content\/uploads\/2024\/07\/Meeting-Athletisme-de-Forbach-231A4189-1536x1024.jpeg 1536w, https:\/\/meetinginternationaldeforbach.fr\/WP3\/wp-content\/uploads\/2024\/07\/Meeting-Athletisme-de-Forbach-231A4189-2048x1365.jpeg 2048w\" sizes=\"(max-width: 2560px) 100vw, 2560px\" \/><\/a><\/figure><div class=\"elementor-image-box-content\"><h4 class=\"elementor-image-box-title\"><a href=\"https:\/\/tally.so\/r\/n0PbbB\">B\u00e9n\u00e9voles<\/a><\/h4><p class=\"elementor-image-box-description\">Remplissez le formulaire pour \u00eatre b\u00e9n\u00e9vole<\/p><\/div><\/div>\t\t\t\t<\/div>\n\t\t\t\t<\/div>\n\t\t\t\t<div class=\"elementor-element elementor-element-f1050eb elementor-widget-tablet__width-initial elementor-widget-mobile__width-inherit elementor-widget__width-initial elementor-position-top elementor-widget elementor-widget-image-box\" data-id=\"f1050eb\" data-element_type=\"widget\" data-e-type=\"widget\" data-widget_type=\"image-box.default\">\n\t\t\t\t<div class=\"elementor-widget-container\">\n\t\t\t\t\t<div class=\"elementor-image-box-wrapper\"><figure class=\"elementor-image-box-img\"><a href=\"https:\/\/tally.so\/r\/woO00O\" tabindex=\"-1\"><img loading=\"lazy\" decoding=\"async\" width=\"2560\" height=\"1707\" src=\"https:\/\/meetinginternationaldeforbach.fr\/WP3\/wp-content\/uploads\/2024\/07\/Meeting-Athletisme-de-Forbach-231A4189-scaled.jpeg\" class=\"elementor-animation-grow attachment-full size-full wp-image-617\" alt=\"\" srcset=\"https:\/\/meetinginternationaldeforbach.fr\/WP3\/wp-content\/uploads\/2024\/07\/Meeting-Athletisme-de-Forbach-231A4189-scaled.jpeg 2560w, https:\/\/meetinginternationaldeforbach.fr\/WP3\/wp-content\/uploads\/2024\/07\/Meeting-Athletisme-de-Forbach-231A4189-300x200.jpeg 300w, https:\/\/meetinginternationaldeforbach.fr\/WP3\/wp-content\/uploads\/2024\/07\/Meeting-Athletisme-de-Forbach-231A4189-1024x683.jpeg 1024w, https:\/\/meetinginternationaldeforbach.fr\/WP3\/wp-content\/uploads\/2024\/07\/Meeting-Athletisme-de-Forbach-231A4189-768x512.jpeg 768w, https:\/\/meetinginternationaldeforbach.fr\/WP3\/wp-content\/uploads\/2024\/07\/Meeting-Athletisme-de-Forbach-231A4189-1536x1024.jpeg 1536w, https:\/\/meetinginternationaldeforbach.fr\/WP3\/wp-content\/uploads\/2024\/07\/Meeting-Athletisme-de-Forbach-231A4189-2048x1365.jpeg 2048w\" sizes=\"(max-width: 2560px) 100vw, 2560px\" \/><\/a><\/figure><div class=\"elementor-image-box-content\"><h4 class=\"elementor-image-box-title\"><a href=\"https:\/\/tally.so\/r\/woO00O\">Jury<\/a><\/h4><p class=\"elementor-image-box-description\">Remplissez le formulaire pour \u00eatre Jury<\/p><\/div><\/div>\t\t\t\t<\/div>\n\t\t\t\t<\/div>\n\t\t\t\t<\/div>\n\t\t\t\t\t<\/div>\n\t\t\t\t<\/div>\n\t\t\t\t<\/div>\n\t\t","protected":false},"excerpt":{"rendered":"<p>Informations Pratiques Start List au 16\/05 D\u00e9couvrez la start-list du Meeting 2025 Programme D\u00e9couvrez le programme du Meeting 2025 R\u00e9sultat 2024 R\u00e9sultats du Meeting 2024 Habilitation Presse Remplissez le formulaire d&rsquo;accr\u00e9ditation presse en ligne. B\u00e9n\u00e9voles Remplissez le formulaire pour \u00eatre b\u00e9n\u00e9vole Jury Remplissez le formulaire pour \u00eatre Jury<\/p>\n","protected":false},"author":1,"featured_media":0,"parent":0,"menu_order":0,"comment_status":"closed","ping_status":"closed","template":"elementor_header_footer","meta":{"footnotes":""},"class_list":["post-49","page","type-page","status-publish","hentry"],"_links":{"self":[{"href":"https:\/\/meetinginternationaldeforbach.fr\/WP3\/wp-json\/wp\/v2\/pages\/49","targetHints":{"allow":["GET"]}}],"collection":[{"href":"https:\/\/meetinginternationaldeforbach.fr\/WP3\/wp-json\/wp\/v2\/pages"}],"about":[{"href":"https:\/\/meetinginternationaldeforbach.fr\/WP3\/wp-json\/wp\/v2\/types\/page"}],"author":[{"embeddable":true,"href":"https:\/\/meetinginternationaldeforbach.fr\/WP3\/wp-json\/wp\/v2\/users\/1"}],"replies":[{"embeddable":true,"href":"https:\/\/meetinginternationaldeforbach.fr\/WP3\/wp-json\/wp\/v2\/comments?post=49"}],"version-history":[{"count":50,"href":"https:\/\/meetinginternationaldeforbach.fr\/WP3\/wp-json\/wp\/v2\/pages\/49\/revisions"}],"predecessor-version":[{"id":1243,"href":"https:\/\/meetinginternationaldeforbach.fr\/WP3\/wp-json\/wp\/v2\/pages\/49\/revisions\/1243"}],"wp:attachment":[{"href":"https:\/\/meetinginternationaldeforbach.fr\/WP3\/wp-json\/wp\/v2\/media?parent=49"}],"curies":[{"name":"wp","href":"https:\/\/api.w.org\/{rel}","templated":true}]}}