{"id":58,"date":"2024-06-18T08:41:59","date_gmt":"2024-06-18T06:41:59","guid":{"rendered":"https:\/\/meetinginternationaldeforbach.fr\/WP3\/services\/"},"modified":"2024-07-23T14:37:21","modified_gmt":"2024-07-23T12:37:21","slug":"medias-meeting-forbach","status":"publish","type":"page","link":"https:\/\/meetinginternationaldeforbach.fr\/WP3\/medias-meeting-forbach\/","title":{"rendered":"M\u00e9dias"},"content":{"rendered":"\t\t<div data-elementor-type=\"wp-page\" data-elementor-id=\"58\" class=\"elementor elementor-58\" data-elementor-post-type=\"page\">\n\t\t\t\t<div class=\"elementor-element elementor-element-3bb41793 e-flex e-con-boxed e-con e-parent\" data-id=\"3bb41793\" data-element_type=\"container\" data-e-type=\"container\">\n\t\t\t\t\t<div class=\"e-con-inner\">\n\t\t\t\t<div class=\"elementor-element elementor-element-4674f152 elementor-invisible elementor-widget elementor-widget-heading\" data-id=\"4674f152\" data-element_type=\"widget\" data-e-type=\"widget\" data-settings=\"{&quot;_animation&quot;:&quot;fadeIn&quot;}\" data-widget_type=\"heading.default\">\n\t\t\t\t<div class=\"elementor-widget-container\">\n\t\t\t\t\t<h1 class=\"elementor-heading-title elementor-size-default\">M\u00e9dias<\/h1>\t\t\t\t<\/div>\n\t\t\t\t<\/div>\n\t\t\t\t<div class=\"elementor-element elementor-element-de383f0 elementor-widget elementor-widget-heading\" data-id=\"de383f0\" data-element_type=\"widget\" data-e-type=\"widget\" data-widget_type=\"heading.default\">\n\t\t\t\t<div class=\"elementor-widget-container\">\n\t\t\t\t\t<h5 class=\"elementor-heading-title elementor-size-default\">Explorez tous nos press books et nos galeries de photos des meetings<\/h5>\t\t\t\t<\/div>\n\t\t\t\t<\/div>\n\t\t\t\t\t<\/div>\n\t\t\t\t<\/div>\n\t\t<div class=\"elementor-element elementor-element-2d137094 e-flex e-con-boxed e-con e-parent\" data-id=\"2d137094\" data-element_type=\"container\" data-e-type=\"container\" data-settings=\"{&quot;background_background&quot;:&quot;classic&quot;}\">\n\t\t\t\t\t<div class=\"e-con-inner\">\n\t\t<div class=\"elementor-element elementor-element-3e3cdba3 e-con-full e-flex e-con e-child\" data-id=\"3e3cdba3\" data-element_type=\"container\" data-e-type=\"container\">\n\t\t\t\t<div class=\"elementor-element elementor-element-3e3531af elementor-widget elementor-widget-heading\" data-id=\"3e3531af\" data-element_type=\"widget\" data-e-type=\"widget\" data-widget_type=\"heading.default\">\n\t\t\t\t<div class=\"elementor-widget-container\">\n\t\t\t\t\t<h2 class=\"elementor-heading-title elementor-size-default\">Nos Press-Book<\/h2>\t\t\t\t<\/div>\n\t\t\t\t<\/div>\n\t\t\t\t<div class=\"elementor-element elementor-element-5e60caed elementor-widget elementor-widget-text-editor\" data-id=\"5e60caed\" data-element_type=\"widget\" data-e-type=\"widget\" data-widget_type=\"text-editor.default\">\n\t\t\t\t<div class=\"elementor-widget-container\">\n\t\t\t\t\t\t\t\t\t<p>D\u00e9couvrez nos press books, t\u00e9moins de plus de 10 ans de meetings internationaux d&rsquo;athl\u00e9tisme \u00e0 Forbach !<\/p><p>Plongez dans l&rsquo;histoire de ces rencontres sportives passionnantes et revivez les moments forts qui ont marqu\u00e9 chaque \u00e9v\u00e9nement.<\/p>\t\t\t\t\t\t\t\t<\/div>\n\t\t\t\t<\/div>\n\t\t\t\t<\/div>\n\t\t<div class=\"elementor-element elementor-element-120e57f3 e-con-full e-flex e-con e-child\" data-id=\"120e57f3\" data-element_type=\"container\" data-e-type=\"container\">\n\t\t\t\t<div class=\"elementor-element elementor-element-20e02c42 elementor-widget elementor-widget-image\" data-id=\"20e02c42\" data-element_type=\"widget\" data-e-type=\"widget\" data-widget_type=\"image.default\">\n\t\t\t\t<div class=\"elementor-widget-container\">\n\t\t\t\t\t\t\t\t\t\t\t\t\t\t\t\t<a href=\"https:\/\/meetinginternationaldeforbach.fr\/WP3\/press-book-meeting-forbach\/\">\n\t\t\t\t\t\t\t<img fetchpriority=\"high\" decoding=\"async\" width=\"572\" height=\"491\" src=\"https:\/\/meetinginternationaldeforbach.fr\/WP3\/wp-content\/uploads\/2024\/06\/service-img.jpg\" class=\"attachment-large size-large wp-image-59\" alt=\"\" srcset=\"https:\/\/meetinginternationaldeforbach.fr\/WP3\/wp-content\/uploads\/2024\/06\/service-img.jpg 572w, https:\/\/meetinginternationaldeforbach.fr\/WP3\/wp-content\/uploads\/2024\/06\/service-img-300x258.jpg 300w\" sizes=\"(max-width: 572px) 100vw, 572px\" \/>\t\t\t\t\t\t\t\t<\/a>\n\t\t\t\t\t\t\t\t\t\t\t\t\t\t\t<\/div>\n\t\t\t\t<\/div>\n\t\t\t\t<\/div>\n\t\t\t\t\t<\/div>\n\t\t\t\t<\/div>\n\t\t<div class=\"elementor-element elementor-element-443577a8 e-flex e-con-boxed e-con e-parent\" data-id=\"443577a8\" data-element_type=\"container\" data-e-type=\"container\" data-settings=\"{&quot;background_background&quot;:&quot;classic&quot;}\">\n\t\t\t\t\t<div class=\"e-con-inner\">\n\t\t<div class=\"elementor-element elementor-element-55bda7d9 e-con-full e-flex e-con e-child\" data-id=\"55bda7d9\" data-element_type=\"container\" data-e-type=\"container\">\n\t\t\t\t<div class=\"elementor-element elementor-element-2b142c67 elementor-widget elementor-widget-image\" data-id=\"2b142c67\" data-element_type=\"widget\" data-e-type=\"widget\" data-widget_type=\"image.default\">\n\t\t\t\t<div class=\"elementor-widget-container\">\n\t\t\t\t\t\t\t\t\t\t\t\t\t\t\t\t<a href=\"https:\/\/meetinginternationaldeforbach.fr\/WP3\/photos-meeting-forbach\/\">\n\t\t\t\t\t\t\t<img fetchpriority=\"high\" decoding=\"async\" width=\"572\" height=\"491\" src=\"https:\/\/meetinginternationaldeforbach.fr\/WP3\/wp-content\/uploads\/2024\/06\/service-img.jpg\" class=\"attachment-large size-large wp-image-59\" alt=\"\" srcset=\"https:\/\/meetinginternationaldeforbach.fr\/WP3\/wp-content\/uploads\/2024\/06\/service-img.jpg 572w, https:\/\/meetinginternationaldeforbach.fr\/WP3\/wp-content\/uploads\/2024\/06\/service-img-300x258.jpg 300w\" sizes=\"(max-width: 572px) 100vw, 572px\" \/>\t\t\t\t\t\t\t\t<\/a>\n\t\t\t\t\t\t\t\t\t\t\t\t\t\t\t<\/div>\n\t\t\t\t<\/div>\n\t\t\t\t<\/div>\n\t\t<div class=\"elementor-element elementor-element-36e70d0b e-con-full e-flex e-con e-child\" data-id=\"36e70d0b\" data-element_type=\"container\" data-e-type=\"container\">\n\t\t\t\t<div class=\"elementor-element elementor-element-2aee5387 elementor-widget elementor-widget-heading\" data-id=\"2aee5387\" data-element_type=\"widget\" data-e-type=\"widget\" data-widget_type=\"heading.default\">\n\t\t\t\t<div class=\"elementor-widget-container\">\n\t\t\t\t\t<h2 class=\"elementor-heading-title elementor-size-default\">Les Photos<\/h2>\t\t\t\t<\/div>\n\t\t\t\t<\/div>\n\t\t\t\t<div class=\"elementor-element elementor-element-37503f83 elementor-widget elementor-widget-text-editor\" data-id=\"37503f83\" data-element_type=\"widget\" data-e-type=\"widget\" data-widget_type=\"text-editor.default\">\n\t\t\t\t<div class=\"elementor-widget-container\">\n\t\t\t\t\t\t\t\t\t<p>D\u00e9couvrez notre collection exclusive de photos retra\u00e7ant plus de 10 ans de passion et de moments forts lors de tous nos meetings internationaux d&rsquo;athl\u00e9tisme \u00e0 Forbach.<\/p><p>Plongez dans l&rsquo;histoire et revivez les performances spectaculaires de nos athl\u00e8tes en explorant notre galerie compl\u00e8te.<\/p><p>Ne manquez pas cette occasion unique de revivre chaque instant inoubliable !<\/p>\t\t\t\t\t\t\t\t<\/div>\n\t\t\t\t<\/div>\n\t\t\t\t<\/div>\n\t\t\t\t\t<\/div>\n\t\t\t\t<\/div>\n\t\t<div class=\"elementor-element elementor-element-81b367a e-flex e-con-boxed e-con e-parent\" data-id=\"81b367a\" data-element_type=\"container\" data-e-type=\"container\" data-settings=\"{&quot;background_background&quot;:&quot;classic&quot;}\">\n\t\t\t\t\t<div class=\"e-con-inner\">\n\t\t<div class=\"elementor-element elementor-element-848d663 e-con-full e-flex e-con e-child\" data-id=\"848d663\" data-element_type=\"container\" data-e-type=\"container\">\n\t\t\t\t<div class=\"elementor-element elementor-element-bca8717 elementor-widget elementor-widget-image\" data-id=\"bca8717\" data-element_type=\"widget\" data-e-type=\"widget\" data-widget_type=\"image.default\">\n\t\t\t\t<div class=\"elementor-widget-container\">\n\t\t\t\t\t\t\t\t\t\t\t\t\t\t\t\t<a href=\"https:\/\/meetinginternationaldeforbach.fr\/WP3\/videos-meeting-forbach\/\">\n\t\t\t\t\t\t\t<img decoding=\"async\" width=\"800\" height=\"309\" src=\"https:\/\/meetinginternationaldeforbach.fr\/WP3\/wp-content\/uploads\/2024\/07\/Capture-decran-2024-07-03-a-12.18.36-1024x395.png\" class=\"attachment-large size-large wp-image-675\" alt=\"\" srcset=\"https:\/\/meetinginternationaldeforbach.fr\/WP3\/wp-content\/uploads\/2024\/07\/Capture-decran-2024-07-03-a-12.18.36-1024x395.png 1024w, https:\/\/meetinginternationaldeforbach.fr\/WP3\/wp-content\/uploads\/2024\/07\/Capture-decran-2024-07-03-a-12.18.36-300x116.png 300w, https:\/\/meetinginternationaldeforbach.fr\/WP3\/wp-content\/uploads\/2024\/07\/Capture-decran-2024-07-03-a-12.18.36-768x297.png 768w, https:\/\/meetinginternationaldeforbach.fr\/WP3\/wp-content\/uploads\/2024\/07\/Capture-decran-2024-07-03-a-12.18.36-1536x593.png 1536w, https:\/\/meetinginternationaldeforbach.fr\/WP3\/wp-content\/uploads\/2024\/07\/Capture-decran-2024-07-03-a-12.18.36-2048x791.png 2048w\" sizes=\"(max-width: 800px) 100vw, 800px\" \/>\t\t\t\t\t\t\t\t<\/a>\n\t\t\t\t\t\t\t\t\t\t\t\t\t\t\t<\/div>\n\t\t\t\t<\/div>\n\t\t\t\t<\/div>\n\t\t<div class=\"elementor-element elementor-element-d7d611d e-con-full e-flex e-con e-child\" data-id=\"d7d611d\" data-element_type=\"container\" data-e-type=\"container\">\n\t\t\t\t<div class=\"elementor-element elementor-element-5ba3366 elementor-widget elementor-widget-heading\" data-id=\"5ba3366\" data-element_type=\"widget\" data-e-type=\"widget\" data-widget_type=\"heading.default\">\n\t\t\t\t<div class=\"elementor-widget-container\">\n\t\t\t\t\t<h2 class=\"elementor-heading-title elementor-size-default\">Les Vid\u00e9os<\/h2>\t\t\t\t<\/div>\n\t\t\t\t<\/div>\n\t\t\t\t<div class=\"elementor-element elementor-element-94e2da3 elementor-widget elementor-widget-text-editor\" data-id=\"94e2da3\" data-element_type=\"widget\" data-e-type=\"widget\" data-widget_type=\"text-editor.default\">\n\t\t\t\t<div class=\"elementor-widget-container\">\n\t\t\t\t\t\t\t\t\t<p>D\u00e9couvrez notre collection exclusive de vid\u00e9os retra\u00e7ant plus de 10 ans de passion et de moments forts lors de tous nos meetings internationaux d&rsquo;athl\u00e9tisme \u00e0 Forbach.<\/p><p>Plongez dans l&rsquo;histoire et revivez les performances spectaculaires de nos athl\u00e8tes en explorant notre galerie compl\u00e8te.<\/p><p>Ne manquez pas cette occasion unique de revivre chaque instant inoubliable !<\/p>\t\t\t\t\t\t\t\t<\/div>\n\t\t\t\t<\/div>\n\t\t\t\t<\/div>\n\t\t\t\t\t<\/div>\n\t\t\t\t<\/div>\n\t\t\t\t<\/div>\n\t\t","protected":false},"excerpt":{"rendered":"<p>M\u00e9dias Explorez tous nos press books et nos galeries de photos des meetings Nos Press-Book D\u00e9couvrez nos press books, t\u00e9moins de plus de 10 ans de meetings internationaux d&rsquo;athl\u00e9tisme \u00e0 Forbach ! Plongez dans l&rsquo;histoire de ces rencontres sportives passionnantes et revivez les moments forts qui ont marqu\u00e9 chaque \u00e9v\u00e9nement. Les Photos D\u00e9couvrez notre collection [&hellip;]<\/p>\n","protected":false},"author":1,"featured_media":0,"parent":0,"menu_order":0,"comment_status":"closed","ping_status":"closed","template":"elementor_header_footer","meta":{"footnotes":""},"class_list":["post-58","page","type-page","status-publish","hentry"],"_links":{"self":[{"href":"https:\/\/meetinginternationaldeforbach.fr\/WP3\/wp-json\/wp\/v2\/pages\/58","targetHints":{"allow":["GET"]}}],"collection":[{"href":"https:\/\/meetinginternationaldeforbach.fr\/WP3\/wp-json\/wp\/v2\/pages"}],"about":[{"href":"https:\/\/meetinginternationaldeforbach.fr\/WP3\/wp-json\/wp\/v2\/types\/page"}],"author":[{"embeddable":true,"href":"https:\/\/meetinginternationaldeforbach.fr\/WP3\/wp-json\/wp\/v2\/users\/1"}],"replies":[{"embeddable":true,"href":"https:\/\/meetinginternationaldeforbach.fr\/WP3\/wp-json\/wp\/v2\/comments?post=58"}],"version-history":[{"count":20,"href":"https:\/\/meetinginternationaldeforbach.fr\/WP3\/wp-json\/wp\/v2\/pages\/58\/revisions"}],"predecessor-version":[{"id":678,"href":"https:\/\/meetinginternationaldeforbach.fr\/WP3\/wp-json\/wp\/v2\/pages\/58\/revisions\/678"}],"wp:attachment":[{"href":"https:\/\/meetinginternationaldeforbach.fr\/WP3\/wp-json\/wp\/v2\/media?parent=58"}],"curies":[{"name":"wp","href":"https:\/\/api.w.org\/{rel}","templated":true}]}}