{"id":680,"date":"2024-07-13T11:03:38","date_gmt":"2024-07-13T09:03:38","guid":{"rendered":"https:\/\/meetinginternationaldeforbach.fr\/WP3\/?page_id=680"},"modified":"2025-05-16T20:18:03","modified_gmt":"2025-05-16T18:18:03","slug":"espace-athlete-meeting-forbach","status":"publish","type":"page","link":"https:\/\/meetinginternationaldeforbach.fr\/WP3\/espace-athlete-meeting-forbach\/","title":{"rendered":"Espace Athl\u00e8te"},"content":{"rendered":"\t\t<div data-elementor-type=\"wp-page\" data-elementor-id=\"680\" class=\"elementor elementor-680\" data-elementor-post-type=\"page\">\n\t\t\t\t<div class=\"elementor-element elementor-element-546ef0c8 e-flex e-con-boxed e-con e-parent\" data-id=\"546ef0c8\" data-element_type=\"container\" data-e-type=\"container\">\n\t\t\t\t\t<div class=\"e-con-inner\">\n\t\t\t\t<div class=\"elementor-element elementor-element-7779ef07 elementor-invisible elementor-widget elementor-widget-heading\" data-id=\"7779ef07\" data-element_type=\"widget\" data-e-type=\"widget\" data-settings=\"{&quot;_animation&quot;:&quot;fadeIn&quot;}\" data-widget_type=\"heading.default\">\n\t\t\t\t<div class=\"elementor-widget-container\">\n\t\t\t\t\t<h1 class=\"elementor-heading-title elementor-size-default\">Espace Athl\u00e8te<\/h1>\t\t\t\t<\/div>\n\t\t\t\t<\/div>\n\t\t\t\t\t<\/div>\n\t\t\t\t<\/div>\n\t\t<div class=\"elementor-element elementor-element-c7188b4 e-flex e-con-boxed e-con e-parent\" data-id=\"c7188b4\" data-element_type=\"container\" data-e-type=\"container\" data-settings=\"{&quot;background_background&quot;:&quot;classic&quot;}\">\n\t\t\t\t\t<div class=\"e-con-inner\">\n\t\t<div class=\"elementor-element elementor-element-0dbab0d e-con-full e-flex e-con e-child\" data-id=\"0dbab0d\" data-element_type=\"container\" data-e-type=\"container\">\n\t\t\t\t<div class=\"elementor-element elementor-element-056acad elementor-widget-tablet__width-initial elementor-widget-mobile__width-inherit elementor-widget__width-initial elementor-position-top elementor-widget elementor-widget-image-box\" data-id=\"056acad\" data-element_type=\"widget\" data-e-type=\"widget\" data-widget_type=\"image-box.default\">\n\t\t\t\t<div class=\"elementor-widget-container\">\n\t\t\t\t\t<div class=\"elementor-image-box-wrapper\"><figure class=\"elementor-image-box-img\"><a href=\"https:\/\/meetinginternationaldeforbach.fr\/WP3\/start-list-au-16-05-2025\/\" target=\"_blank\" tabindex=\"-1\"><img fetchpriority=\"high\" decoding=\"async\" width=\"2560\" height=\"1707\" src=\"https:\/\/meetinginternationaldeforbach.fr\/WP3\/wp-content\/uploads\/2024\/06\/Meeting-Athletisme-de-Forbach-232A1900-scaled.jpeg\" class=\"elementor-animation-grow attachment-full size-full wp-image-386\" alt=\"\" srcset=\"https:\/\/meetinginternationaldeforbach.fr\/WP3\/wp-content\/uploads\/2024\/06\/Meeting-Athletisme-de-Forbach-232A1900-scaled.jpeg 2560w, https:\/\/meetinginternationaldeforbach.fr\/WP3\/wp-content\/uploads\/2024\/06\/Meeting-Athletisme-de-Forbach-232A1900-300x200.jpeg 300w, https:\/\/meetinginternationaldeforbach.fr\/WP3\/wp-content\/uploads\/2024\/06\/Meeting-Athletisme-de-Forbach-232A1900-1024x683.jpeg 1024w, https:\/\/meetinginternationaldeforbach.fr\/WP3\/wp-content\/uploads\/2024\/06\/Meeting-Athletisme-de-Forbach-232A1900-768x512.jpeg 768w, https:\/\/meetinginternationaldeforbach.fr\/WP3\/wp-content\/uploads\/2024\/06\/Meeting-Athletisme-de-Forbach-232A1900-1536x1024.jpeg 1536w, https:\/\/meetinginternationaldeforbach.fr\/WP3\/wp-content\/uploads\/2024\/06\/Meeting-Athletisme-de-Forbach-232A1900-2048x1365.jpeg 2048w\" sizes=\"(max-width: 2560px) 100vw, 2560px\" \/><\/a><\/figure><div class=\"elementor-image-box-content\"><h4 class=\"elementor-image-box-title\"><a href=\"https:\/\/meetinginternationaldeforbach.fr\/WP3\/start-list-au-16-05-2025\/\" target=\"_blank\">Start-List<\/a><\/h4><p class=\"elementor-image-box-description\">au 16\/05\/25<\/p><\/div><\/div>\t\t\t\t<\/div>\n\t\t\t\t<\/div>\n\t\t\t\t<div class=\"elementor-element elementor-element-f437719 elementor-widget-tablet__width-initial elementor-widget-mobile__width-inherit elementor-widget__width-initial elementor-position-top elementor-widget elementor-widget-image-box\" data-id=\"f437719\" data-element_type=\"widget\" data-e-type=\"widget\" data-widget_type=\"image-box.default\">\n\t\t\t\t<div class=\"elementor-widget-container\">\n\t\t\t\t\t<div class=\"elementor-image-box-wrapper\"><figure class=\"elementor-image-box-img\"><a href=\"https:\/\/meetinginternationaldeforbach.fr\/WP3\/flyer-athlete\/\" tabindex=\"-1\"><img decoding=\"async\" width=\"2560\" height=\"1707\" src=\"https:\/\/meetinginternationaldeforbach.fr\/WP3\/wp-content\/uploads\/2024\/06\/Meeting-Athletisme-de-Forbach-231A8700-scaled.jpeg\" class=\"elementor-animation-grow attachment-full size-full wp-image-332\" alt=\"\" srcset=\"https:\/\/meetinginternationaldeforbach.fr\/WP3\/wp-content\/uploads\/2024\/06\/Meeting-Athletisme-de-Forbach-231A8700-scaled.jpeg 2560w, https:\/\/meetinginternationaldeforbach.fr\/WP3\/wp-content\/uploads\/2024\/06\/Meeting-Athletisme-de-Forbach-231A8700-300x200.jpeg 300w, https:\/\/meetinginternationaldeforbach.fr\/WP3\/wp-content\/uploads\/2024\/06\/Meeting-Athletisme-de-Forbach-231A8700-1024x683.jpeg 1024w, https:\/\/meetinginternationaldeforbach.fr\/WP3\/wp-content\/uploads\/2024\/06\/Meeting-Athletisme-de-Forbach-231A8700-768x512.jpeg 768w, https:\/\/meetinginternationaldeforbach.fr\/WP3\/wp-content\/uploads\/2024\/06\/Meeting-Athletisme-de-Forbach-231A8700-1536x1024.jpeg 1536w, https:\/\/meetinginternationaldeforbach.fr\/WP3\/wp-content\/uploads\/2024\/06\/Meeting-Athletisme-de-Forbach-231A8700-2048x1365.jpeg 2048w\" sizes=\"(max-width: 2560px) 100vw, 2560px\" \/><\/a><\/figure><div class=\"elementor-image-box-content\"><h4 class=\"elementor-image-box-title\"><a href=\"https:\/\/meetinginternationaldeforbach.fr\/WP3\/flyer-athlete\/\">Flyer athl\u00e8te<br>(primes, horaires, minima)<\/a><\/h4><\/div><\/div>\t\t\t\t<\/div>\n\t\t\t\t<\/div>\n\t\t\t\t<div class=\"elementor-element elementor-element-3d6e4a6 elementor-widget-tablet__width-initial elementor-widget-mobile__width-inherit elementor-widget__width-initial elementor-position-top elementor-widget elementor-widget-image-box\" data-id=\"3d6e4a6\" data-element_type=\"widget\" data-e-type=\"widget\" data-widget_type=\"image-box.default\">\n\t\t\t\t<div class=\"elementor-widget-container\">\n\t\t\t\t\t<div class=\"elementor-image-box-wrapper\"><figure class=\"elementor-image-box-img\"><a href=\"https:\/\/meetinginternationaldeforbach.fr\/WP3\/consignes-aux-athletes\/\" tabindex=\"-1\"><img decoding=\"async\" width=\"2048\" height=\"1365\" src=\"https:\/\/meetinginternationaldeforbach.fr\/WP3\/wp-content\/uploads\/2024\/06\/Meeting-Athletisme-de-Forbach-231A6638-2048x1365.jpeg\" class=\"elementor-animation-grow attachment-2048x2048 size-2048x2048 wp-image-272\" alt=\"\" srcset=\"https:\/\/meetinginternationaldeforbach.fr\/WP3\/wp-content\/uploads\/2024\/06\/Meeting-Athletisme-de-Forbach-231A6638-2048x1365.jpeg 2048w, https:\/\/meetinginternationaldeforbach.fr\/WP3\/wp-content\/uploads\/2024\/06\/elementor\/thumbs\/Meeting-Athletisme-de-Forbach-231A6638-scaled-qpu4ln2jl0a0m5u5yx8x4lo23dhq682m2pxp28ltxs.jpeg 300w, https:\/\/meetinginternationaldeforbach.fr\/WP3\/wp-content\/uploads\/2024\/06\/Meeting-Athletisme-de-Forbach-231A6638-1024x683.jpeg 1024w, https:\/\/meetinginternationaldeforbach.fr\/WP3\/wp-content\/uploads\/2024\/06\/Meeting-Athletisme-de-Forbach-231A6638-768x512.jpeg 768w, https:\/\/meetinginternationaldeforbach.fr\/WP3\/wp-content\/uploads\/2024\/06\/Meeting-Athletisme-de-Forbach-231A6638-1536x1024.jpeg 1536w\" sizes=\"(max-width: 2048px) 100vw, 2048px\" \/><\/a><\/figure><div class=\"elementor-image-box-content\"><h4 class=\"elementor-image-box-title\"><a href=\"https:\/\/meetinginternationaldeforbach.fr\/WP3\/consignes-aux-athletes\/\">Consignes aux athl\u00e8tes<\/a><\/h4><\/div><\/div>\t\t\t\t<\/div>\n\t\t\t\t<\/div>\n\t\t\t\t<div class=\"elementor-element elementor-element-39df61c elementor-widget-tablet__width-initial elementor-widget-mobile__width-inherit elementor-widget__width-initial elementor-position-top elementor-widget elementor-widget-image-box\" data-id=\"39df61c\" data-element_type=\"widget\" data-e-type=\"widget\" data-widget_type=\"image-box.default\">\n\t\t\t\t<div class=\"elementor-widget-container\">\n\t\t\t\t\t<div class=\"elementor-image-box-wrapper\"><figure class=\"elementor-image-box-img\"><a href=\"https:\/\/meetinginternationaldeforbach.fr\/WP3\/acces-stade\/\" tabindex=\"-1\"><img loading=\"lazy\" decoding=\"async\" width=\"2560\" height=\"1707\" src=\"https:\/\/meetinginternationaldeforbach.fr\/WP3\/wp-content\/uploads\/2024\/07\/Meeting-Athletisme-de-Forbach-231A4189-scaled.jpeg\" class=\"elementor-animation-grow attachment-full size-full wp-image-617\" alt=\"\" srcset=\"https:\/\/meetinginternationaldeforbach.fr\/WP3\/wp-content\/uploads\/2024\/07\/Meeting-Athletisme-de-Forbach-231A4189-scaled.jpeg 2560w, https:\/\/meetinginternationaldeforbach.fr\/WP3\/wp-content\/uploads\/2024\/07\/Meeting-Athletisme-de-Forbach-231A4189-300x200.jpeg 300w, https:\/\/meetinginternationaldeforbach.fr\/WP3\/wp-content\/uploads\/2024\/07\/Meeting-Athletisme-de-Forbach-231A4189-1024x683.jpeg 1024w, https:\/\/meetinginternationaldeforbach.fr\/WP3\/wp-content\/uploads\/2024\/07\/Meeting-Athletisme-de-Forbach-231A4189-768x512.jpeg 768w, https:\/\/meetinginternationaldeforbach.fr\/WP3\/wp-content\/uploads\/2024\/07\/Meeting-Athletisme-de-Forbach-231A4189-1536x1024.jpeg 1536w, https:\/\/meetinginternationaldeforbach.fr\/WP3\/wp-content\/uploads\/2024\/07\/Meeting-Athletisme-de-Forbach-231A4189-2048x1365.jpeg 2048w\" sizes=\"(max-width: 2560px) 100vw, 2560px\" \/><\/a><\/figure><div class=\"elementor-image-box-content\"><h4 class=\"elementor-image-box-title\"><a href=\"https:\/\/meetinginternationaldeforbach.fr\/WP3\/acces-stade\/\">acc\u00e8s au stade<\/a><\/h4><\/div><\/div>\t\t\t\t<\/div>\n\t\t\t\t<\/div>\n\t\t\t\t<\/div>\n\t\t\t\t\t<\/div>\n\t\t\t\t<\/div>\n\t\t\t\t<\/div>\n\t\t","protected":false},"excerpt":{"rendered":"<p>Espace Athl\u00e8te Start-List au 16\/05\/25 Flyer athl\u00e8te(primes, horaires, minima) Consignes aux athl\u00e8tes acc\u00e8s au stade<\/p>\n","protected":false},"author":1,"featured_media":0,"parent":0,"menu_order":0,"comment_status":"closed","ping_status":"closed","template":"elementor_header_footer","meta":{"footnotes":""},"class_list":["post-680","page","type-page","status-publish","hentry"],"_links":{"self":[{"href":"https:\/\/meetinginternationaldeforbach.fr\/WP3\/wp-json\/wp\/v2\/pages\/680","targetHints":{"allow":["GET"]}}],"collection":[{"href":"https:\/\/meetinginternationaldeforbach.fr\/WP3\/wp-json\/wp\/v2\/pages"}],"about":[{"href":"https:\/\/meetinginternationaldeforbach.fr\/WP3\/wp-json\/wp\/v2\/types\/page"}],"author":[{"embeddable":true,"href":"https:\/\/meetinginternationaldeforbach.fr\/WP3\/wp-json\/wp\/v2\/users\/1"}],"replies":[{"embeddable":true,"href":"https:\/\/meetinginternationaldeforbach.fr\/WP3\/wp-json\/wp\/v2\/comments?post=680"}],"version-history":[{"count":53,"href":"https:\/\/meetinginternationaldeforbach.fr\/WP3\/wp-json\/wp\/v2\/pages\/680\/revisions"}],"predecessor-version":[{"id":1246,"href":"https:\/\/meetinginternationaldeforbach.fr\/WP3\/wp-json\/wp\/v2\/pages\/680\/revisions\/1246"}],"wp:attachment":[{"href":"https:\/\/meetinginternationaldeforbach.fr\/WP3\/wp-json\/wp\/v2\/media?parent=680"}],"curies":[{"name":"wp","href":"https:\/\/api.w.org\/{rel}","templated":true}]}}